{"id":538,"date":"2024-10-18T18:01:17","date_gmt":"2024-10-18T16:01:17","guid":{"rendered":"https:\/\/amapt.fr\/onguest\/wordpress\/?page_id=538"},"modified":"2024-11-15T17:01:27","modified_gmt":"2024-11-15T16:01:27","slug":"petites-phrases-meditatives","status":"publish","type":"page","link":"https:\/\/amapt.fr\/onguest\/wordpress\/index.php\/petites-phrases-meditatives\/","title":{"rendered":"Petites phrases m\u00e9ditatives"},"content":{"rendered":"<table style=\"border-collapse: collapse; width: 100%; height: 378px;\">\n<tbody>\n<tr style=\"height: 18px;\">\n<td style=\"width: 100%; height: 18px;\"><a href=\"https:\/\/amapt.fr\/onguest\/wordpress\/index.php\/2024\/10\/18\/le-soi\/\">Le soi, l&rsquo;existence<\/a><\/td>\n<\/tr>\n<tr style=\"height: 18px;\">\n<td style=\"width: 100%; height: 18px;\"><a href=\"https:\/\/amapt.fr\/onguest\/wordpress\/index.php\/2024\/10\/18\/la-peur\/\">La peur<\/a><\/td>\n<\/tr>\n<tr style=\"height: 18px;\">\n<td style=\"width: 100%; height: 18px;\"><a href=\"https:\/\/amapt.fr\/onguest\/wordpress\/index.php\/2024\/10\/18\/autrui\/\">Autrui<\/a><\/td>\n<\/tr>\n<tr style=\"height: 18px;\">\n<td style=\"width: 100%; height: 18px;\"><a href=\"https:\/\/amapt.fr\/onguest\/wordpress\/index.php\/2024\/10\/18\/la-vie\/\">La vie<\/a><\/td>\n<\/tr>\n<tr style=\"height: 18px;\">\n<td style=\"width: 100%; height: 18px;\"><a href=\"https:\/\/amapt.fr\/onguest\/wordpress\/index.php\/2024\/10\/18\/le-bonheur\/\">Le bonheur<\/a><\/td>\n<\/tr>\n<tr style=\"height: 18px;\">\n<td style=\"width: 100%; height: 18px;\"><a href=\"https:\/\/amapt.fr\/onguest\/wordpress\/index.php\/2024\/10\/18\/la-temporalite\/\">La temporalit\u00e9<\/a><\/td>\n<\/tr>\n<tr style=\"height: 18px;\">\n<td style=\"width: 100%; height: 18px;\"><a href=\"https:\/\/amapt.fr\/onguest\/wordpress\/index.php\/2024\/10\/18\/lame\/\">L&rsquo;\u00e2me<\/a><\/td>\n<\/tr>\n<tr style=\"height: 18px;\">\n<td style=\"width: 100%; height: 18px;\"><a href=\"https:\/\/amapt.fr\/onguest\/wordpress\/index.php\/2024\/10\/18\/la-joie\/\">La joie<\/a><\/td>\n<\/tr>\n<tr style=\"height: 18px;\">\n<td style=\"width: 100%; height: 18px;\"><a href=\"https:\/\/amapt.fr\/onguest\/wordpress\/index.php\/2024\/10\/18\/la-bonte\/\">La bont\u00e9<\/a><\/td>\n<\/tr>\n<tr style=\"height: 18px;\">\n<td style=\"width: 100%; height: 18px;\"><a href=\"https:\/\/amapt.fr\/onguest\/wordpress\/index.php\/2024\/10\/18\/la-connaissance\/\">La connaissance<\/a><\/td>\n<\/tr>\n<tr style=\"height: 18px;\">\n<td style=\"width: 100%; height: 18px;\"><a href=\"https:\/\/amapt.fr\/onguest\/wordpress\/index.php\/2024\/10\/18\/la-compassion\/\">La compassion<\/a><\/td>\n<\/tr>\n<tr style=\"height: 18px;\">\n<td style=\"width: 100%; height: 18px;\"><a href=\"https:\/\/amapt.fr\/onguest\/wordpress\/index.php\/2024\/10\/18\/lunivers\/\">L&rsquo;univers<\/a><\/td>\n<\/tr>\n<tr style=\"height: 18px;\">\n<td style=\"width: 100%; height: 18px;\"><a href=\"https:\/\/amapt.fr\/onguest\/wordpress\/index.php\/2024\/10\/18\/la-paix\/\">La paix<\/a><\/td>\n<\/tr>\n<tr style=\"height: 18px;\">\n<td style=\"width: 100%; height: 18px;\"><a href=\"https:\/\/amapt.fr\/onguest\/wordpress\/index.php\/2024\/10\/18\/lamour\/\">L&rsquo;amour<\/a><\/td>\n<\/tr>\n<tr style=\"height: 18px;\">\n<td style=\"width: 100%; height: 18px;\"><a href=\"https:\/\/amapt.fr\/onguest\/wordpress\/index.php\/2024\/10\/18\/lequilibre\/\">L&rsquo;\u00e9quilibre<\/a><\/td>\n<\/tr>\n<tr style=\"height: 18px;\">\n<td style=\"width: 100%; height: 18px;\"><a href=\"https:\/\/amapt.fr\/onguest\/wordpress\/index.php\/2024\/10\/18\/la-generosite\/\">La g\u00e9n\u00e9rosit\u00e9<\/a><\/td>\n<\/tr>\n<tr style=\"height: 18px;\">\n<td style=\"width: 100%; height: 18px;\"><a href=\"https:\/\/amapt.fr\/onguest\/wordpress\/index.php\/2024\/10\/18\/lindulgence\/\">L&rsquo;indulgence<\/a><\/td>\n<\/tr>\n<tr style=\"height: 18px;\">\n<td style=\"width: 100%; height: 18px;\"><a href=\"https:\/\/amapt.fr\/onguest\/wordpress\/index.php\/2024\/10\/18\/la-grace\/\">La gr\u00e2ce<\/a><\/td>\n<\/tr>\n<tr style=\"height: 18px;\">\n<td style=\"width: 100%; height: 18px;\"><a href=\"https:\/\/amapt.fr\/onguest\/wordpress\/index.php\/2024\/10\/18\/la-sagesse\/\">La sagesse<\/a><\/td>\n<\/tr>\n<tr style=\"height: 18px;\">\n<td style=\"width: 100%; height: 18px;\"><a href=\"https:\/\/amapt.fr\/onguest\/wordpress\/index.php\/2024\/10\/18\/le-coeur\/\">Le c\u0153ur<\/a><\/td>\n<\/tr>\n<tr style=\"height: 18px;\">\n<td style=\"width: 100%; height: 18px;\"><a href=\"https:\/\/amapt.fr\/onguest\/wordpress\/index.php\/2024\/10\/18\/la-conviction\/\">La conviction<\/a><\/td>\n<\/tr>\n<tr>\n<td style=\"width: 100%;\"><a href=\"https:\/\/amapt.fr\/onguest\/wordpress\/index.php\/2024\/10\/19\/lesprit\/\">L&rsquo;esprit<\/a><\/td>\n<\/tr>\n<tr>\n<td style=\"width: 100%;\"><a href=\"https:\/\/amapt.fr\/onguest\/wordpress\/index.php\/2024\/10\/19\/le-changement\/\">Le changement<\/a><\/td>\n<\/tr>\n<tr>\n<td style=\"width: 100%;\"><a href=\"https:\/\/amapt.fr\/onguest\/wordpress\/index.php\/2024\/10\/19\/la-confiance\/\">La confiance<\/a><\/td>\n<\/tr>\n<tr>\n<td style=\"width: 100%;\"><a href=\"https:\/\/amapt.fr\/onguest\/wordpress\/index.php\/2024\/10\/19\/le-miracle\/\">Le miracle<\/a><\/td>\n<\/tr>\n<tr>\n<td style=\"width: 100%;\"><a href=\"https:\/\/amapt.fr\/onguest\/wordpress\/index.php\/2024\/10\/19\/la-prosperite\/\">La prosp\u00e9rit\u00e9<\/a><\/td>\n<\/tr>\n<tr>\n<td style=\"width: 100%;\"><a href=\"https:\/\/amapt.fr\/onguest\/wordpress\/index.php\/2024\/10\/19\/la-dignite\/\">La dignit\u00e9<\/a><\/td>\n<\/tr>\n<tr>\n<td style=\"width: 100%;\"><a href=\"https:\/\/amapt.fr\/onguest\/wordpress\/index.php\/2024\/10\/19\/la-tranquilite\/\">La tranquillit\u00e9<\/a><\/td>\n<\/tr>\n<tr>\n<td style=\"width: 100%;\"><a href=\"https:\/\/amapt.fr\/onguest\/wordpress\/index.php\/2024\/10\/19\/lhonnetete\/\">L&rsquo;honn\u00eatet\u00e9<\/a><\/td>\n<\/tr>\n<tr>\n<td style=\"width: 100%;\"><a href=\"https:\/\/amapt.fr\/onguest\/wordpress\/index.php\/2024\/10\/19\/la-reconnaissance\/\">La reconnaissance<\/a><\/td>\n<\/tr>\n<tr>\n<td style=\"width: 100%;\"><a href=\"https:\/\/amapt.fr\/onguest\/wordpress\/index.php\/2024\/10\/19\/lattention\/\">L&rsquo;attention<\/a><\/td>\n<\/tr>\n<tr>\n<td style=\"width: 100%;\"><a href=\"https:\/\/amapt.fr\/onguest\/wordpress\/index.php\/2024\/10\/19\/le-desir\/\">Le d\u00e9sir<\/a><\/td>\n<\/tr>\n<tr>\n<td style=\"width: 100%;\"><a href=\"https:\/\/amapt.fr\/onguest\/wordpress\/index.php\/2024\/10\/19\/lecoute\/\">L&rsquo;\u00e9coute<\/a><\/td>\n<\/tr>\n<tr>\n<td style=\"width: 100%;\"><a href=\"https:\/\/amapt.fr\/onguest\/wordpress\/index.php\/2024\/10\/19\/la-realite\/\">La r\u00e9alit\u00e9<\/a><\/td>\n<\/tr>\n<tr>\n<td style=\"width: 100%;\"><a href=\"https:\/\/amapt.fr\/onguest\/wordpress\/index.php\/2024\/10\/19\/la-constance\/\">La constance<\/a><\/td>\n<\/tr>\n<tr>\n<td style=\"width: 100%;\"><a href=\"https:\/\/amapt.fr\/onguest\/wordpress\/index.php\/2024\/10\/19\/lenracinement\/\">L&rsquo;enracinement<\/a><\/td>\n<\/tr>\n<tr>\n<td style=\"width: 100%;\"><a href=\"https:\/\/amapt.fr\/onguest\/wordpress\/index.php\/2024\/10\/19\/la-gentillesse\/\">La gentillesse<\/a><\/td>\n<\/tr>\n<tr>\n<td style=\"width: 100%;\"><a href=\"https:\/\/amapt.fr\/onguest\/wordpress\/index.php\/2024\/10\/21\/la-patience\/\">La patience<\/a><\/td>\n<\/tr>\n<tr>\n<td style=\"width: 100%;\"><a href=\"https:\/\/amapt.fr\/onguest\/wordpress\/index.php\/2024\/10\/21\/lharmonie\/\">L&rsquo;harmonie<\/a><\/td>\n<\/tr>\n<tr>\n<td style=\"width: 100%;\"><a href=\"https:\/\/amapt.fr\/onguest\/wordpress\/index.php\/2024\/11\/15\/la-pensee\/\">La pens\u00e9e<\/a><\/td>\n<\/tr>\n<tr>\n<td style=\"width: 100%;\"><a href=\"https:\/\/amapt.fr\/onguest\/wordpress\/index.php\/2024\/11\/15\/le-pardon\/\">Le pardon<\/a><\/td>\n<\/tr>\n<\/tbody>\n<\/table>\n","protected":false},"excerpt":{"rendered":"<p>Le soi, l&rsquo;existence La peur Autrui La vie Le bonheur La temporalit\u00e9 L&rsquo;\u00e2me La joie La bont\u00e9 La connaissance La compassion L&rsquo;univers La paix L&rsquo;amour L&rsquo;\u00e9quilibre La g\u00e9n\u00e9rosit\u00e9 L&rsquo;indulgence La gr\u00e2ce La sagesse Le c\u0153ur La conviction L&rsquo;esprit Le changement La confiance Le miracle La prosp\u00e9rit\u00e9 La dignit\u00e9 La tranquillit\u00e9 L&rsquo;honn\u00eatet\u00e9 La reconnaissance L&rsquo;attention Le d\u00e9sir L&rsquo;\u00e9coute La r\u00e9alit\u00e9 La constance L&rsquo;enracinement La gentillesse La patience L&rsquo;harmonie La pens\u00e9e Le pardon<\/p>\n","protected":false},"author":1,"featured_media":0,"parent":0,"menu_order":0,"comment_status":"closed","ping_status":"closed","template":"","meta":{"_themeisle_gutenberg_block_has_review":false,"iawp_total_views":15,"footnotes":""},"class_list":["post-538","page","type-page","status-publish","hentry"],"_links":{"self":[{"href":"https:\/\/amapt.fr\/onguest\/wordpress\/index.php\/wp-json\/wp\/v2\/pages\/538","targetHints":{"allow":["GET"]}}],"collection":[{"href":"https:\/\/amapt.fr\/onguest\/wordpress\/index.php\/wp-json\/wp\/v2\/pages"}],"about":[{"href":"https:\/\/amapt.fr\/onguest\/wordpress\/index.php\/wp-json\/wp\/v2\/types\/page"}],"author":[{"embeddable":true,"href":"https:\/\/amapt.fr\/onguest\/wordpress\/index.php\/wp-json\/wp\/v2\/users\/1"}],"replies":[{"embeddable":true,"href":"https:\/\/amapt.fr\/onguest\/wordpress\/index.php\/wp-json\/wp\/v2\/comments?post=538"}],"version-history":[{"count":48,"href":"https:\/\/amapt.fr\/onguest\/wordpress\/index.php\/wp-json\/wp\/v2\/pages\/538\/revisions"}],"predecessor-version":[{"id":843,"href":"https:\/\/amapt.fr\/onguest\/wordpress\/index.php\/wp-json\/wp\/v2\/pages\/538\/revisions\/843"}],"wp:attachment":[{"href":"https:\/\/amapt.fr\/onguest\/wordpress\/index.php\/wp-json\/wp\/v2\/media?parent=538"}],"curies":[{"name":"wp","href":"https:\/\/api.w.org\/{rel}","templated":true}]}}