{"id":140,"date":"2024-03-25T12:31:26","date_gmt":"2024-03-25T11:31:26","guid":{"rendered":"http:\/\/amapt.fr\/onguest\/wordpress\/?page_id=140"},"modified":"2025-11-01T15:10:11","modified_gmt":"2025-11-01T14:10:11","slug":"humour","status":"publish","type":"page","link":"https:\/\/amapt.fr\/onguest\/wordpress\/","title":{"rendered":"Humour"},"content":{"rendered":"Vous devez \u00eatre connect\u00e9 pour voir ce contenu.","protected":false},"excerpt":{"rendered":"Vous devez \u00eatre connect\u00e9 pour voir ce contenu.","protected":false},"author":1,"featured_media":0,"parent":0,"menu_order":0,"comment_status":"closed","ping_status":"closed","template":"","meta":{"_themeisle_gutenberg_block_has_review":false,"iawp_total_views":327,"footnotes":""},"class_list":["post-140","page","type-page","status-publish","hentry"],"_links":{"self":[{"href":"https:\/\/amapt.fr\/onguest\/wordpress\/index.php\/wp-json\/wp\/v2\/pages\/140","targetHints":{"allow":["GET"]}}],"collection":[{"href":"https:\/\/amapt.fr\/onguest\/wordpress\/index.php\/wp-json\/wp\/v2\/pages"}],"about":[{"href":"https:\/\/amapt.fr\/onguest\/wordpress\/index.php\/wp-json\/wp\/v2\/types\/page"}],"author":[{"embeddable":true,"href":"https:\/\/amapt.fr\/onguest\/wordpress\/index.php\/wp-json\/wp\/v2\/users\/1"}],"replies":[{"embeddable":true,"href":"https:\/\/amapt.fr\/onguest\/wordpress\/index.php\/wp-json\/wp\/v2\/comments?post=140"}],"version-history":[{"count":2,"href":"https:\/\/amapt.fr\/onguest\/wordpress\/index.php\/wp-json\/wp\/v2\/pages\/140\/revisions"}],"predecessor-version":[{"id":153,"href":"https:\/\/amapt.fr\/onguest\/wordpress\/index.php\/wp-json\/wp\/v2\/pages\/140\/revisions\/153"}],"wp:attachment":[{"href":"https:\/\/amapt.fr\/onguest\/wordpress\/index.php\/wp-json\/wp\/v2\/media?parent=140"}],"curies":[{"name":"wp","href":"https:\/\/api.w.org\/{rel}","templated":true}]}}